{"id":8211,"date":"2022-10-10T09:23:59","date_gmt":"2022-10-10T09:23:59","guid":{"rendered":"https:\/\/scottiego.com\/?page_id=8211"},"modified":"2022-10-10T09:47:54","modified_gmt":"2022-10-10T09:47:54","slug":"scottie-go-sen-package","status":"publish","type":"page","link":"https:\/\/scottiego.com\/en\/scottie-go-sen-package\/","title":{"rendered":"SCOTTIE GO! &#8220;SEN&#8221; PACKAGE"},"content":{"rendered":"<p>[vc_row dynamic_background_color_value=&#8221;#edf8f9&#8243;][vc_column][rev_slider_vc alias=&#8221;produkt-pakiet-spe-1&#8243; enable_paspartu=&#8221;no&#8221;][\/vc_column][\/vc_row][vc_row full_width=&#8221;stretch_row&#8221; disable_element=&#8221;yes&#8221; content_text_aligment=&#8221;center&#8221; dynamic_background_color_value=&#8221;#edf8f9&#8243;][vc_column css=&#8221;.vc_custom_1599478065326{padding-right: 10% !important;padding-left: 10% !important;}&#8221; offset=&#8221;vc_hidden-xs&#8221;]<div class=\"mkdf-elements-holder   mkdf-one-column  mkdf-responsive-mode-768 \" ><div class=\"mkdf-eh-item    \"  data-item-class=\"mkdf-eh-custom-4549\" data-681-768=\"3px 56px 0\" data-680=\"3px 36px 0\">\n\t<div class=\"mkdf-eh-item-inner\">\n\t\t<div class=\"mkdf-eh-item-content mkdf-eh-custom-4549\" style=\"padding: 3px 0 0 0\">\n\t\t\t[vc_empty_space height=&#8221;122px&#8221;]\t\t<\/div>\n\t<\/div>\n<\/div><\/div>[\/vc_column][\/vc_row][vc_row full_width=&#8221;stretch_row&#8221; content_text_aligment=&#8221;center&#8221; dynamic_background_color_value=&#8221;#edf8f9&#8243;][vc_column css=&#8221;.vc_custom_1595934679599{padding-right: 10% !important;padding-left: 10% !important;}&#8221;]<div class=\"mkdf-elements-holder   mkdf-one-column  mkdf-responsive-mode-768 \" ><div class=\"mkdf-eh-item    \"  data-item-class=\"mkdf-eh-custom-5873\" data-681-768=\"3px 56px 0\" data-680=\"3px 36px 0\">\n\t<div class=\"mkdf-eh-item-inner\">\n\t\t<div class=\"mkdf-eh-item-content mkdf-eh-custom-5873\" style=\"padding: 3px 0 0 0\">\n\t\t\t<div class=\"mkdf-section-title-holder  mkdf-st-standard mkdf-st-title-left mkdf-st-normal-space \" style=\"text-align: center\">\n\t<div class=\"mkdf-st-inner\">\n\t\t\t\t\t<h2 class=\"mkdf-st-title\" style=\"color: #194454\">\n\t\t\t\tSPECIAL EDUCATIONAL NEEDS\t\t\t<\/h2>\n\t\t\t\t\t<\/div>\n<\/div>\t\t<\/div>\n\t<\/div>\n<\/div><\/div>[\/vc_column][\/vc_row][vc_row full_width=&#8221;stretch_row&#8221; content_text_aligment=&#8221;center&#8221; dynamic_background_color_value=&#8221;#edf8f9&#8243;][vc_column css=&#8221;.vc_custom_1595934679599{padding-right: 10% !important;padding-left: 10% !important;}&#8221;]<div class=\"mkdf-elements-holder   mkdf-one-column  mkdf-responsive-mode-768 mkdf-one-column-alignment-left\" ><div class=\"mkdf-eh-item    \"  data-item-class=\"mkdf-eh-custom-8289\" data-681-768=\"3px 56px 0\" data-680=\"3px 36px 0\">\n\t<div class=\"mkdf-eh-item-inner\">\n\t\t<div class=\"mkdf-eh-item-content mkdf-eh-custom-8289\" style=\"padding: 3px 0 0 0\">\n\t\t\t[vc_empty_space][vc_column_text]<\/p>\n<p style=\"text-align: left;\">The package \u201cSEN Scottie Go!\u201d is perfect for teachers who want to conduct the core curriculum and, at the same time, use the elements of coding\/programming while holding a pedagogical therapy and revalidation with students with special educational needs with learning disorders, students with autism and Asperger Syndrome. This is also a great solution for both individualisation and inclusive education The special teacher\u2019s guide with lessons scripts may help to improve pupils\u2019:<\/p>\n<ul style=\"text-align: left;\">\n<li>memory, analysis and visual synthesis;<\/li>\n<li>spatial orientation;<\/li>\n<li>ability to: logical thinking, to recognize cause and effect sequence;<\/li>\n<li>basic mathematical operations.<\/li>\n<\/ul>\n<p style=\"text-align: left;\">Activities with Scottie Go! games have got low entry levels. Simultaneously, they use the gamification mechanism. It helps pupils to get emotionally involved into classes using Scottie games.<\/p>\n<ul style=\"text-align: left;\">\n<li>student-friendly solution in sight and movement disorders;<\/li>\n<li>possibility of working in groups or individually;<\/li>\n<li>safe materials;<\/li>\n<li>the application gives audio-visual messages if the task is done correctly;<\/li>\n<li>students may work using tablets\/computers\/smartphones or even with no device;<\/li>\n<li>possibility of using interactive monitor or board while working.<\/li>\n<\/ul>\n<p style=\"text-align: left;\">The main character of the Scottie Go! programming games series is Scottie the friendly alien. Teachers may experience his multiple adventures with students by relating a traditional board game and the safe application. Children play and learn the basics of programming at the same time! They help Scottie to fulfil different missions by creating commands out of the blocks. Then, they scan these commands so that Scottie do the moves on the device screen or on the traditional board. Scottie Go! games combine the world of application with psychophysical progress and ability of cooperation. Scottie the mascot makes the classes more attractive for children at different age.<\/p>\n<p style=\"text-align: left;\"><strong>15 lessons scripts for SEN were created by Krzysztof Jaworski, the coordinator and educational coach, who is associated with Digital Dialogue Association (Stowarzyszenie Cyfrowy Dialog). Moreover, he is the graduate of the Future Classroom Lab programme that was executed by European Schoolnet in Brussels and participated in international conferences Scratch in Budapest and the USA (MIT, Boston).<\/strong><\/p>\n<p style=\"text-align: left;\">Learning of coding with Scottie Go! games enables constructing programmes using VIRTUAL BLOCKS (by the application included in SEN package named Scottie Go! Dojo), which can be arranged on the screen of tablet, interactive monitor or board by children.<\/p>\n<p style=\"text-align: left;\"><strong>The package for 4-8 pupils includes:<\/strong><\/p>\n<ul>\n<li style=\"text-align: left;\">4 Scottie Go! Basic games;<\/li>\n<li style=\"text-align: left;\">large Magnetic Blocks Scottie Go!<\/li>\n<li style=\"text-align: left;\">Scottie Go! the mascot;<\/li>\n<li style=\"text-align: left;\">teacher\u2019s guide of 15 lessons scripts;<\/li>\n<li style=\"text-align: left;\">15 licenses for Scottie Go! Dojo Basic application;<\/li>\n<li style=\"text-align: left;\">an attractive box that can be coloured by children.<\/li>\n<\/ul>\n<p>[\/vc_column_text][vc_empty_space]\t\t<\/div>\n\t<\/div>\n<\/div><\/div>[\/vc_column][\/vc_row][vc_row full_width=&#8221;stretch_row&#8221; equal_height=&#8221;yes&#8221; content_placement=&#8221;middle&#8221; disable_element=&#8221;yes&#8221; dynamic_background_color_value=&#8221;#edf8f9&#8243; css=&#8221;.vc_custom_1628077547654{padding-top: 3% !important;padding-right: 10% !important;padding-left: 10% !important;}&#8221;][vc_column width=&#8221;1\/4&#8243; offset=&#8221;vc_col-lg-5&#8243;][vc_column_text]W pude\u0142ku znajduj\u0105 si\u0119 53 bloczki, kt\u00f3re prowadz\u0105cy umieszcza na tablicy magnetycznej lub interaktywnej, a tak\u017ce wykorzystuje na \u201edywanie\u201d. Zestaw bloczk\u00f3w obejmuje pierwsze 24 zadania z aplikacji Scottie Go! EDU. Bloczki s\u0105 bardzo du\u017ce, zdecydowanie wi\u0119ksze od standardowych, kartonowych bloczk\u00f3w zawartych w pude\u0142kowej wersji gry.[\/vc_column_text][\/vc_column][vc_column width=&#8221;3\/4&#8243; offset=&#8221;vc_col-lg-7&#8243;][vc_single_image image=&#8221;6859&#8243; img_size=&#8221;full&#8221; alignment=&#8221;center&#8221; css_animation=&#8221;fadeInRight&#8221; css=&#8221;.vc_custom_1612446009041{padding-top: 3% !important;padding-right: 3% !important;padding-bottom: 3% !important;padding-left: 3% !important;}&#8221;][\/vc_column][\/vc_row][vc_row gap=&#8221;2&#8243; equal_height=&#8221;yes&#8221; content_placement=&#8221;middle&#8221; dynamic_background_color_value=&#8221;#edf8f9&#8243; css=&#8221;.vc_custom_1599478844747{padding-top: 6% !important;padding-right: 10% !important;padding-left: 10% !important;}&#8221;][vc_column css_animation=&#8221;bounceIn&#8221;]<div class=\"mkdf-elements-holder   mkdf-one-column  mkdf-responsive-mode-768 \" ><div class=\"mkdf-eh-item   mkdf-horizontal-alignment-center \"  data-item-class=\"mkdf-eh-custom-6741\" data-681-768=\"3px 56px 0\" data-680=\"3px 36px 0\">\n\t<div class=\"mkdf-eh-item-inner\">\n\t\t<div class=\"mkdf-eh-item-content mkdf-eh-custom-6741\" >\n\t\t\t[vc_empty_space height=&#8221;22px&#8221;]\n<a itemprop=\"url\" href=\"https:\/\/www.shop.scottiego.com\/en\/product\/scottie-go-spe\/\" target=\"_blank\" style=\"color: #2c4b5b;border-color: #2c4b5b;font-size: 24px;font-weight: 600;padding: 2% 4% 2% 4%\" class=\"mkdf-btn mkdf-btn-huge mkdf-btn-outline mkdf-btn-icon\"   >\n    <i class=\"mkdf-icon-linea-icon icon-ecommerce-cart mkdf-icon-element\" style=\"\" ><\/i>    <span class=\"mkdf-btn-text\">Visit store<\/span>\n<\/a>[vc_empty_space height=&#8221;12px&#8221;]\t\t<\/div>\n\t<\/div>\n<\/div><\/div>[\/vc_column][\/vc_row][vc_row css=&#8221;.vc_custom_1610633624581{padding-right: 12% !important;padding-left: 12% !important;}&#8221;][vc_column][vc_empty_space height=&#8221;26px&#8221;][\/vc_column][\/vc_row]<\/p>\n","protected":false},"excerpt":{"rendered":"<p>[vc_row dynamic_background_color_value=&#8221;#edf8f9&#8243;][vc_column][rev_slider_vc alias=&#8221;produkt-pakiet-spe-1&#8243; enable_paspartu=&#8221;no&#8221;][\/vc_column][\/vc_row][vc_row full_width=&#8221;stretch_row&#8221; disable_element=&#8221;yes&#8221; content_text_aligment=&#8221;center&#8221; dynamic_background_color_value=&#8221;#edf8f9&#8243;][vc_column css=&#8221;.vc_custom_1599478065326{padding-right: 10% !important;padding-left: 10% !important;}&#8221; offset=&#8221;vc_hidden-xs&#8221;][\/vc_column][\/vc_row][vc_row full_width=&#8221;stretch_row&#8221; content_text_aligment=&#8221;center&#8221; dynamic_background_color_value=&#8221;#edf8f9&#8243;][vc_column css=&#8221;.vc_custom_1595934679599{padding-right: 10% !important;padding-left: 10% !important;}&#8221;][\/vc_column][\/vc_row][vc_row full_width=&#8221;stretch_row&#8221; content_text_aligment=&#8221;center&#8221; dynamic_background_color_value=&#8221;#edf8f9&#8243;][vc_column css=&#8221;.vc_custom_1595934679599{padding-right: 10% !important;padding-left: 10% !important;}&#8221;][\/vc_column][\/vc_row][vc_row full_width=&#8221;stretch_row&#8221; equal_height=&#8221;yes&#8221; content_placement=&#8221;middle&#8221; disable_element=&#8221;yes&#8221; dynamic_background_color_value=&#8221;#edf8f9&#8243; css=&#8221;.vc_custom_1628077547654{padding-top: 3% !important;padding-right: 10% !important;padding-left: [&hellip;]<\/p>\n","protected":false},"author":6,"featured_media":0,"parent":0,"menu_order":0,"comment_status":"closed","ping_status":"closed","template":"full-width.php","meta":[],"_links":{"self":[{"href":"https:\/\/scottiego.com\/en\/wp-json\/wp\/v2\/pages\/8211"}],"collection":[{"href":"https:\/\/scottiego.com\/en\/wp-json\/wp\/v2\/pages"}],"about":[{"href":"https:\/\/scottiego.com\/en\/wp-json\/wp\/v2\/types\/page"}],"author":[{"embeddable":true,"href":"https:\/\/scottiego.com\/en\/wp-json\/wp\/v2\/users\/6"}],"replies":[{"embeddable":true,"href":"https:\/\/scottiego.com\/en\/wp-json\/wp\/v2\/comments?post=8211"}],"version-history":[{"count":5,"href":"https:\/\/scottiego.com\/en\/wp-json\/wp\/v2\/pages\/8211\/revisions"}],"predecessor-version":[{"id":8213,"href":"https:\/\/scottiego.com\/en\/wp-json\/wp\/v2\/pages\/8211\/revisions\/8213"}],"wp:attachment":[{"href":"https:\/\/scottiego.com\/en\/wp-json\/wp\/v2\/media?parent=8211"}],"curies":[{"name":"wp","href":"https:\/\/api.w.org\/{rel}","templated":true}]}}