{"id":6416,"date":"2020-10-12T20:06:39","date_gmt":"2020-10-12T20:06:39","guid":{"rendered":"https:\/\/scottiego.com\/scottie-go\/"},"modified":"2025-07-14T12:38:11","modified_gmt":"2025-07-14T12:38:11","slug":"home","status":"publish","type":"page","link":"https:\/\/scottiego.com\/en\/","title":{"rendered":"Scottie Go!"},"content":{"rendered":"<p>[vc_row dynamic_background_color_value=&#8221;#edf8f9&#8243;][vc_column][rev_slider_vc alias=&#8221;home-en&#8221; enable_paspartu=&#8221;no&#8221;][\/vc_column][\/vc_row][vc_row gap=&#8221;2&#8243; equal_height=&#8221;yes&#8221; content_placement=&#8221;middle&#8221; dynamic_background_color_value=&#8221;#edf8f9&#8243; css=&#8221;.vc_custom_1599808727528{padding-top: 1% !important;padding-right: 10% !important;padding-left: 10% !important;}&#8221;][vc_column width=&#8221;1\/2&#8243;][vc_column_text]We developed a virtual environment and programming language for children and young people. Multiple assets, various difficulty levels, and friendly heroes of the game allow introducing programming from an early age, with no previous experience required, as well as delivering challenging programming environments for more experienced players.<\/p>\n<p>The Scottie Go! game series features a friendly alien called Scottie, who experiences numerous adventures while traveling in space with his spacecraft. By helping Scottie, players gain programming knowledge and develop very important skills and competences.[\/vc_column_text][\/vc_column][vc_column width=&#8221;1\/2&#8243;][rev_slider_vc alias=&#8221;tablet-1-1&#8243; enable_paspartu=&#8221;no&#8221;][\/vc_column][\/vc_row][vc_row gap=&#8221;2&#8243; equal_height=&#8221;yes&#8221; content_placement=&#8221;middle&#8221; dynamic_background_color_value=&#8221;#edf8f9&#8243; css=&#8221;.vc_custom_1621002492323{padding-top: 1% !important;padding-right: 10% !important;padding-left: 10% !important;}&#8221;][vc_column width=&#8221;1\/2&#8243; css=&#8221;.vc_custom_1620819492931{padding-top: 7% !important;padding-bottom: 7% !important;}&#8221;][vc_single_image image=&#8221;7616&#8243; img_size=&#8221;full&#8221; alignment=&#8221;center&#8221;][\/vc_column][vc_column width=&#8221;1\/2&#8243;][vc_column_text]We provide mobile and boxed games for children aged 4 to 15, as well as a quest creator enabling distance and direct learning of programming at school.<\/p>\n<p>Games are available for Android, iOS, and Windows-based devices and are translated to 20+ languages (depending on the version). Please <a href=\"https:\/\/scottiego.com\/en\/buy\/\">contact us<\/a> to buy the required game.[\/vc_column_text][\/vc_column][\/vc_row][vc_row gap=&#8221;2&#8243; equal_height=&#8221;yes&#8221; content_placement=&#8221;middle&#8221; dynamic_background_color_value=&#8221;#edf8f9&#8243; css=&#8221;.vc_custom_1620735171377{padding-top: 1% !important;padding-right: 15% !important;padding-left: 15% !important;}&#8221;][vc_column][vc_empty_space][\/vc_column][\/vc_row][vc_row gap=&#8221;2&#8243; equal_height=&#8221;yes&#8221; content_placement=&#8221;middle&#8221; dynamic_background_color_value=&#8221;#edf8f9&#8243; css=&#8221;.vc_custom_1620735171377{padding-top: 1% !important;padding-right: 15% !important;padding-left: 15% !important;}&#8221;][vc_column width=&#8221;1\/2&#8243;][vc_column_text]The Scottie Go! game series was developed using advanced visualization tools, augmented reality (AR) technologies and the Unity engine. Thanks to Unity, our game delivers not only cutting-edge visual effects, but also full compatibility across multiple platforms and mobile devices \u2013 from tablets to AR glasses \u2013 making our innovative educational tools widely accessible. Our goal is to support and create engaging AR experiences that help students and users better understand complex concepts through 2D\/3D visualizations and real-time interaction.<\/p>\n<div id=\"simple-translate\" class=\"simple-translate-light-theme\">\n<div>\n<div class=\"simple-translate-button isShow\" style=\"background-image: url('moz-extension:\/\/21c887b8-7014-4224-aa5c-615d9d4f4408\/icons\/512.png'); height: 22px; width: 22px; top: -26px; left: -96px;\"><\/div>\n<div class=\"simple-translate-panel \" style=\"width: 300px; height: 200px; top: 0px; left: 0px; font-size: 13px;\">\n<div class=\"simple-translate-result-wrapper\" style=\"overflow: hidden;\">\n<div class=\"simple-translate-move\" draggable=\"true\"><\/div>\n<div class=\"simple-translate-result-contents\">\n<p class=\"simple-translate-candidate\" dir=\"auto\">\n<\/div>\n<\/div>\n<\/div>\n<\/div>\n<\/div>\n<p>[\/vc_column_text][\/vc_column][vc_column width=&#8221;1\/2&#8243;][vc_single_image image=&#8221;8603&#8243; img_size=&#8221;full&#8221; css_animation=&#8221;fadeIn&#8221;][\/vc_column][\/vc_row][vc_row gap=&#8221;2&#8243; equal_height=&#8221;yes&#8221; content_placement=&#8221;middle&#8221; dynamic_background_color_value=&#8221;#edf8f9&#8243; css=&#8221;.vc_custom_1620735171377{padding-top: 1% !important;padding-right: 15% !important;padding-left: 15% !important;}&#8221;][vc_column][vc_column_text]To learn how to code, players arrange the programming blocks into scripts (sequence of commands) to steer the heroes of the game to correctly carry out the quests. <strong>There are 2 formats of the programming blocks, depending on the game version:<\/strong>[\/vc_column_text][\/vc_column][\/vc_row][vc_row content_text_aligment=&#8221;center&#8221; css=&#8221;.vc_custom_1621002832063{padding-top: 43px !important;padding-bottom: 48px !important;}&#8221; dynamic_background_color_value=&#8221;#a9e5df&#8221;][vc_column]<div class=\"mkdf-workflow  mkdf-workflow-animate\">\r\n    <div class=\"mkdf-workflow-item\">\r\n    <span class=\"line line-one\" style=\"background-color:#ffffff;\"><\/span>\r\n    <span class=\"line line-two\" style=\"background-color:#ffffff;\"><\/span>\r\n    <div class=\"mkdf-workflow-item-inner\">\r\n        <div class=\"mkdf-workflow-image  left\">\r\n            <div class=\"mkdf-workflow-image-inner\">\r\n                \n    <span class=\"mkdf-icon-shortcode mkdf-circle    \" style=\"background-color: #ffd052\" >\n        <span class=\"mkdf-icon-bckg-holder\" style=\"background-color: #ffd052\"><\/span>\n                    <i class=\"mkdf-icon-dripicons dripicon dripicons-checkmark mkdf-icon-element\" style=\"\" ><\/i>                    <\/span>\n                <img width=\"1945\" height=\"2000\" src=\"https:\/\/scottiego.com\/wp-content\/uploads\/scottie_go_labirynt_EN.png\" class=\"attachment-full size-full\" alt=\"\" loading=\"lazy\" srcset=\"https:\/\/scottiego.com\/wp-content\/uploads\/scottie_go_labirynt_EN.png 1945w, https:\/\/scottiego.com\/wp-content\/uploads\/scottie_go_labirynt_EN-292x300.png 292w, https:\/\/scottiego.com\/wp-content\/uploads\/scottie_go_labirynt_EN-996x1024.png 996w, https:\/\/scottiego.com\/wp-content\/uploads\/scottie_go_labirynt_EN-768x790.png 768w, https:\/\/scottiego.com\/wp-content\/uploads\/scottie_go_labirynt_EN-1494x1536.png 1494w\" sizes=\"(max-width: 1945px) 100vw, 1945px\" \/>            <\/div>\r\n        <\/div>\r\n        <div class=\"mkdf-workflow-text  right\">\r\n            <div class=\"mkdf-workflow-text-inner\">\r\n                <span class=\"circle\" style=\"border-color:#ffffff;\"><\/span>\r\n                                    <h4>Physical programming blocks<\/h4>\r\n                                                    <p class=\"text\">Cardboard blocks placed on a table, similar to a jigsaw puzzle. Thanks to the innovative image recognition system used in the application, the blocks can be scanned with a camera and, once recognised by the application, they will execute the program.<\/p>\r\n                            <\/div>\r\n        <\/div>\r\n    <\/div>\r\n<\/div><div class=\"mkdf-workflow-item\">\r\n    <span class=\"line line-one\" style=\"background-color:#ffffff;\"><\/span>\r\n    <span class=\"line line-two\" style=\"background-color:#ffffff;\"><\/span>\r\n    <div class=\"mkdf-workflow-item-inner\">\r\n        <div class=\"mkdf-workflow-image  right\">\r\n            <div class=\"mkdf-workflow-image-inner\">\r\n                \n    <span class=\"mkdf-icon-shortcode mkdf-circle    \" style=\"background-color: #ffd052\" >\n        <span class=\"mkdf-icon-bckg-holder\" style=\"background-color: #ffd052\"><\/span>\n                    <i class=\"mkdf-icon-dripicons dripicon dripicons-checkmark mkdf-icon-element\" style=\"\" ><\/i>                    <\/span>\n                <img width=\"1136\" height=\"782\" src=\"https:\/\/scottiego.com\/wp-content\/uploads\/SG_DOJO_EDYTOR_KODU_EN.png\" class=\"attachment-full size-full\" alt=\"\" loading=\"lazy\" srcset=\"https:\/\/scottiego.com\/wp-content\/uploads\/SG_DOJO_EDYTOR_KODU_EN.png 1136w, https:\/\/scottiego.com\/wp-content\/uploads\/SG_DOJO_EDYTOR_KODU_EN-300x207.png 300w, https:\/\/scottiego.com\/wp-content\/uploads\/SG_DOJO_EDYTOR_KODU_EN-1024x705.png 1024w, https:\/\/scottiego.com\/wp-content\/uploads\/SG_DOJO_EDYTOR_KODU_EN-768x529.png 768w, https:\/\/scottiego.com\/wp-content\/uploads\/SG_DOJO_EDYTOR_KODU_EN-24x17.png 24w, https:\/\/scottiego.com\/wp-content\/uploads\/SG_DOJO_EDYTOR_KODU_EN-36x25.png 36w, https:\/\/scottiego.com\/wp-content\/uploads\/SG_DOJO_EDYTOR_KODU_EN-48x33.png 48w\" sizes=\"(max-width: 1136px) 100vw, 1136px\" \/>            <\/div>\r\n        <\/div>\r\n        <div class=\"mkdf-workflow-text  left\">\r\n            <div class=\"mkdf-workflow-text-inner\">\r\n                <span class=\"circle\" style=\"border-color:#ffffff;\"><\/span>\r\n                                    <h4>Virtual programming blocks<\/h4>\r\n                                                    <p class=\"text\">an integral part of the application interface, they can be stacked on top of each other to create a sequence of commands that make up a program; in the virtual version, they are dragged to the coding area. The indentations and protrusions make the blocks fit together like a jigsaw puzzle.<\/p>\r\n                            <\/div>\r\n        <\/div>\r\n    <\/div>\r\n<\/div><\/div>[\/vc_column][\/vc_row][vc_row gap=&#8221;2&#8243; equal_height=&#8221;yes&#8221; content_placement=&#8221;middle&#8221; dynamic_background_color_value=&#8221;#edf8f9&#8243; css=&#8221;.vc_custom_1599808727528{padding-top: 1% !important;padding-right: 10% !important;padding-left: 10% !important;}&#8221;][vc_column width=&#8221;1\/2&#8243;]<div class=\"mkdf-section-title-holder  mkdf-st-standard mkdf-st-title-left mkdf-st-normal-space \" style=\"padding: 0 15%;text-align: center\">\n\t<div class=\"mkdf-st-inner\">\n\t\t\t\t\t<h3 class=\"mkdf-st-title\" style=\"color: #1d5563\">\n\t\t\t\tVisual learning of programming commands\t\t\t<\/h3>\n\t\t\t\t\t<\/div>\n<\/div>[vc_empty_space][vc_column_text]There are four types of blocks: command, function, trigger and control instruction. This allows learning programming concepts such as loops, conditional statements, variables, functions, parameters, etc.[\/vc_column_text][vc_empty_space][\/vc_column][vc_column width=&#8221;1\/2&#8243;][vc_single_image image=&#8221;7671&#8243; img_size=&#8221;512&#215;353&#8243; alignment=&#8221;center&#8221; css=&#8221;.vc_custom_1624885633461{margin-bottom: 20px !important;margin-left: 33px !important;}&#8221;][vc_empty_space][\/vc_column][\/vc_row][vc_row gap=&#8221;2&#8243; equal_height=&#8221;yes&#8221; content_placement=&#8221;middle&#8221; dynamic_background_color_value=&#8221;#edf8f9&#8243; css=&#8221;.vc_custom_1599808727528{padding-top: 1% !important;padding-right: 10% !important;padding-left: 10% !important;}&#8221;][vc_column]<div class=\"mkdf-section-title-holder  mkdf-st-standard mkdf-st-title-left mkdf-st-normal-space \" style=\"padding: 0 15%;text-align: center\">\n\t<div class=\"mkdf-st-inner\">\n\t\t\t\t\t<h2 class=\"mkdf-st-title\" style=\"color: #1d5563\">\n\t\t\t\tApplication for coding games\t\t\t<\/h2>\n\t\t\t\t\t<\/div>\n<\/div>[vc_empty_space][\/vc_column][vc_column width=&#8221;1\/2&#8243;][vc_single_image image=&#8221;7623&#8243; img_size=&#8221;full&#8221; alignment=&#8221;center&#8221;][\/vc_column][vc_column width=&#8221;1\/2&#8243;][vc_column_text]The coding games app for mobile devices or laptops provides a step-by-step guide through the adventurous world of programming with Scottie the alien. The gamification formula and interesting quests help to keep children interested, rewarding their efforts in a way known and liked by them.<\/p>\n<p>Depending on the version, the application may be purchased from the relevant mobile store, as well as downloaded using the license key included in the box.<\/p>\n<p>The Augmented Reality technology (AR) implemented in Scottie Go! helps players to create their own programs. This technology adds additional information to the program code recognized by the application, with the help of a camera.[\/vc_column_text][\/vc_column][\/vc_row][vc_row dynamic_background_color_value=&#8221;#edf8f9&#8243;][vc_column css=&#8221;.vc_custom_1540208624717{margin-top: -72px !important;}&#8221;][vc_empty_space height=&#8221;172px&#8221;][\/vc_column][\/vc_row][vc_row gap=&#8221;2&#8243; equal_height=&#8221;yes&#8221; content_placement=&#8221;middle&#8221; dynamic_background_color_value=&#8221;#edf8f9&#8243; css=&#8221;.vc_custom_1599808727528{padding-top: 1% !important;padding-right: 10% !important;padding-left: 10% !important;}&#8221;][vc_column]<div class=\"mkdf-section-title-holder  mkdf-st-standard mkdf-st-title-left mkdf-st-normal-space \" style=\"padding: 0 15%;text-align: center\">\n\t<div class=\"mkdf-st-inner\">\n\t\t\t\t\t<h2 class=\"mkdf-st-title\" style=\"color: #1d5563\">\n\t\t\t\tMeet Scottie Go!\t\t\t<\/h2>\n\t\t\t\t\t\t\t<p class=\"mkdf-st-text\" >\n\t\t\t\tInnovative game series for education and home usage.\t\t\t<\/p>\n\t\t\t<\/div>\n<\/div>[vc_empty_space][\/vc_column][\/vc_row][vc_row full_width=&#8221;stretch_row&#8221; dynamic_background_color_value=&#8221;#d8eef3&#8243;][vc_column][vc_row_inner content_placement=&#8221;middle&#8221;][vc_column_inner offset=&#8221;vc_col-lg-6 vc_col-md-12&#8243;]<div class=\"mkdf-elements-holder   mkdf-one-column  mkdf-responsive-mode-768 \" ><div class=\"mkdf-eh-item   mkdf-horizontal-alignment-center \"  data-item-class=\"mkdf-eh-custom-2057\" data-1367-1600=\"15px 20px 0 0px\" data-1025-1366=\"45px 20px 0 0px\" data-769-1024=\"0px\" data-681-768=\"0px\" data-680=\"0px\">\n\t<div class=\"mkdf-eh-item-inner\">\n\t\t<div class=\"mkdf-eh-item-content mkdf-eh-custom-2057\" style=\"padding: 71px 20px 0 0px\">\n\t\t\t[vc_single_image image=&#8221;6420&#8243; img_size=&#8221;615&#215;480&#8243; alignment=&#8221;center&#8221; css_animation=&#8221;zoomIn&#8221;]\t\t<\/div>\n\t<\/div>\n<\/div><\/div>[\/vc_column_inner][vc_column_inner offset=&#8221;vc_col-lg-offset-0 vc_col-lg-6 vc_col-md-offset-0 vc_col-md-12 vc_col-sm-offset-0&#8243; css=&#8221;.vc_custom_1599558683655{padding-right: 10% !important;}&#8221;]<div class=\"mkdf-elements-holder   mkdf-one-column  mkdf-responsive-mode-768 \" ><div class=\"mkdf-eh-item    \"  data-item-class=\"mkdf-eh-custom-5177\" data-1367-1600=\"85px 72px 0px 21px\" data-1025-1366=\"75px 45px 0px 21px\" data-769-1024=\"50px 98px 50px 0px\" data-681-768=\"0px 0px 50px\" data-680=\"0px 20px 15px\">\n\t<div class=\"mkdf-eh-item-inner\">\n\t\t<div class=\"mkdf-eh-item-content mkdf-eh-custom-5177\" style=\"padding: 131px 72px 0 21px\">\n\t\t\t<div class=\"mkdf-section-title-holder  mkdf-st-standard mkdf-st-title-left mkdf-st-normal-space \" >\n\t<div class=\"mkdf-st-inner\">\n\t\t\t\t\t<h3 class=\"mkdf-st-title\" style=\"color: #1d5563\">\n\t\t\t\tFor education\t\t\t<\/h3>\n\t\t\t\t\t\t\t<p class=\"mkdf-st-text\" style=\"color: #1d5563;margin-top: 33px\">\n\t\t\t\tScottie Go! is an innovative educational game series which teaches programming at school, kindergarten or other educational institutions. It promotes the development of algorithmic intuition and competencies, according to the latest developments in methodology and technology. Children learn how to code through play by helping a friendly alien called Scottie.\t\t\t<\/p>\n\t\t\t<\/div>\n<\/div>[vc_empty_space height=&#8221;43px&#8221;][vc_btn title=&#8221;View solutions for education&#8221; style=&#8221;outline-custom&#8221; outline_custom_color=&#8221;#18404e&#8221; outline_custom_hover_background=&#8221;#ffc80c&#8221; outline_custom_hover_text=&#8221;#ffffff&#8221; align=&#8221;left&#8221; link=&#8221;url:https%3A%2F%2Fscottiego.com%2Fen%2Ffor-education%2F|&#8221;]\t\t<\/div>\n\t<\/div>\n<\/div><\/div>[\/vc_column_inner][\/vc_row_inner][vc_row_inner content_placement=&#8221;middle&#8221;][vc_column_inner offset=&#8221;vc_col-lg-offset-0 vc_col-lg-6 vc_col-md-offset-0 vc_col-md-12 vc_col-sm-offset-0&#8243;]<div class=\"mkdf-elements-holder   mkdf-one-column  mkdf-responsive-mode-768 \" ><div class=\"mkdf-eh-item   mkdf-horizontal-alignment-center \"  data-item-class=\"mkdf-eh-custom-6382\" data-1367-1600=\"15px 20px 0 0px\" data-1025-1366=\"45px 20px 0 0px\" data-769-1024=\"0px\" data-681-768=\"0px\" data-680=\"0px\">\n\t<div class=\"mkdf-eh-item-inner\">\n\t\t<div class=\"mkdf-eh-item-content mkdf-eh-custom-6382\" style=\"padding: 71px 20px 0 0px\">\n\t\t\t[vc_single_image image=&#8221;6432&#8243; img_size=&#8221;615&#215;480&#8243; alignment=&#8221;center&#8221; css_animation=&#8221;zoomIn&#8221;]\t\t<\/div>\n\t<\/div>\n<\/div><\/div>[\/vc_column_inner][vc_column_inner offset=&#8221;vc_col-lg-offset-0 vc_col-lg-6 vc_col-md-offset-0 vc_col-md-12 vc_col-sm-offset-0&#8243; css=&#8221;.vc_custom_1599558677153{padding-right: 10% !important;}&#8221;]<div class=\"mkdf-elements-holder   mkdf-one-column  mkdf-responsive-mode-768 \" ><div class=\"mkdf-eh-item    \"  data-item-class=\"mkdf-eh-custom-1240\" data-1367-1600=\"85px 72px 0px 21px\" data-1025-1366=\"75px 45px 0px 21px\" data-769-1024=\"50px 98px 50px 0px\" data-681-768=\"0px 0px 50px\" data-680=\"0px 20px 15px\">\n\t<div class=\"mkdf-eh-item-inner\">\n\t\t<div class=\"mkdf-eh-item-content mkdf-eh-custom-1240\" style=\"padding: 131px 72px 0 21px\">\n\t\t\t<div class=\"mkdf-section-title-holder  mkdf-st-standard mkdf-st-title-left mkdf-st-normal-space \" >\n\t<div class=\"mkdf-st-inner\">\n\t\t\t\t\t<h3 class=\"mkdf-st-title\" style=\"color: #1d5563\">\n\t\t\t\tFor home\t\t\t<\/h3>\n\t\t\t\t\t\t\t<p class=\"mkdf-st-text\" style=\"color: #1d5563;margin-top: 33px\">\n\t\t\t\tLearn and play outside of school too! Scottie Go! designed for home users are basic block programming courses that a child can take independently, with peers or together with the family.\t\t\t<\/p>\n\t\t\t<\/div>\n<\/div>[vc_empty_space height=&#8221;43px&#8221;][vc_btn title=&#8221;View solutions for home users&#8221; style=&#8221;outline-custom&#8221; outline_custom_color=&#8221;#18404e&#8221; outline_custom_hover_background=&#8221;#ffc80c&#8221; outline_custom_hover_text=&#8221;#ffffff&#8221; align=&#8221;left&#8221; link=&#8221;url:https%3A%2F%2Fscottiego.com%2Fen%2Ffor-home%2F|&#8221;]\t\t<\/div>\n\t<\/div>\n<\/div><\/div>[\/vc_column_inner][\/vc_row_inner][vc_empty_space height=&#8221;52px&#8221;][\/vc_column][\/vc_row][vc_row full_width=&#8221;stretch_row&#8221; disable_element=&#8221;yes&#8221; content_text_aligment=&#8221;center&#8221; dynamic_background_color_value=&#8221;#d8eef3&#8243;][vc_column css=&#8221;.vc_custom_1595934679599{padding-right: 10% !important;padding-left: 10% !important;}&#8221;][vc_empty_space height=&#8221;55px&#8221;]<div class=\"mkdf-elements-holder   mkdf-one-column  mkdf-responsive-mode-768 \" ><div class=\"mkdf-eh-item    \"  data-item-class=\"mkdf-eh-custom-1637\" data-681-768=\"3px 56px 0\" data-680=\"3px 36px 0\">\n\t<div class=\"mkdf-eh-item-inner\">\n\t\t<div class=\"mkdf-eh-item-content mkdf-eh-custom-1637\" style=\"padding: 3px 0 0 0\">\n\t\t\t<div class=\"mkdf-section-title-holder  mkdf-st-standard mkdf-st-title-left mkdf-st-normal-space \" style=\"padding: 0 15%\">\n\t<div class=\"mkdf-st-inner\">\n\t\t\t\t\t<h2 class=\"mkdf-st-title\" style=\"color: #1d5563\">\n\t\t\t\tZapisz si\u0119 do newslettera Scottie Go!\t\t\t<\/h2>\n\t\t\t\t\t\t\t<p class=\"mkdf-st-text\" style=\"color: #1d5563;margin-top: 35px\">\n\t\t\t\tUczysz programowania ze Scottie Go? Zapisz si\u0119 do newslettera, aby otrzymywa\u0107 kody rabatowe, materia\u0142y metodyczne, najnowsze informacje o rozwoju gry i wiele wi\u0119cej!\t\t\t<\/p>\n\t\t\t<\/div>\n<\/div>\t\t<\/div>\n\t<\/div>\n<\/div><\/div>[\/vc_column][\/vc_row][vc_row disable_element=&#8221;yes&#8221; row_content_width=&#8221;grid&#8221; dynamic_background_color_value=&#8221;#d8eef3&#8243; css=&#8221;.vc_custom_1602427154416{padding-top: 50px !important;}&#8221;][vc_column css=&#8221;.vc_custom_1539946977570{margin-top: -50px !important;}&#8221;][vc_empty_space height=&#8221;85&#8243;]<div class=\"mkdf-elements-holder   mkdf-one-column  mkdf-responsive-mode-768 \" ><div class=\"mkdf-eh-item    \"  data-item-class=\"mkdf-eh-custom-1209\" data-769-1024=\"20px 0 0 0\" data-680=\"26px 0 0 0\">\n\t<div class=\"mkdf-eh-item-inner\">\n\t\t<div class=\"mkdf-eh-item-content mkdf-eh-custom-1209\" style=\"padding: 0 0 0 0\">\n\t\t\t<div role=\"form\" class=\"wpcf7\" id=\"wpcf7-f547-o1\" lang=\"pl-PL\" dir=\"ltr\">\n<div class=\"screen-reader-response\"><p role=\"status\" aria-live=\"polite\" aria-atomic=\"true\"><\/p> <ul><\/ul><\/div>\n<form action=\"\/en\/wp-json\/wp\/v2\/pages\/6416#wpcf7-f547-o1\" method=\"post\" class=\"wpcf7-form init cf7_custom_style_2\" novalidate=\"novalidate\" data-status=\"init\">\n<div style=\"display: none;\">\n<input type=\"hidden\" name=\"_wpcf7\" value=\"547\" \/>\n<input type=\"hidden\" name=\"_wpcf7_version\" value=\"5.4.2\" \/>\n<input type=\"hidden\" name=\"_wpcf7_locale\" value=\"pl_PL\" \/>\n<input type=\"hidden\" name=\"_wpcf7_unit_tag\" value=\"wpcf7-f547-o1\" \/>\n<input type=\"hidden\" name=\"_wpcf7_container_post\" value=\"0\" \/>\n<input type=\"hidden\" name=\"_wpcf7_posted_data_hash\" value=\"\" \/>\n<\/div>\n<div class=\"mkdf-cfbt-inline clearfix\">\n<div class=\"mkdf-cfbt-inline-col1\">\n<span class=\"wpcf7-form-control-wrap email-mkdf\"><input type=\"email\" name=\"email-mkdf\" value=\"\" size=\"40\" class=\"wpcf7-form-control wpcf7-text wpcf7-email wpcf7-validates-as-required wpcf7-validates-as-email\" aria-required=\"true\" aria-invalid=\"false\" placeholder=\"Enter Your Email...\" \/><\/span>\n<\/div>\n<div class=\"mkdf-cfbt-inline-col2\">\n<button type=\"submit\" class=\"wpcf7-form-control wpcf7-submit mkdf-submit-news mkdf-submit-fs mkdf-btn mkdf-btn-medium mkdf-btn-solid\"><span class=\"mkdf-btn-text\">SUBSCRIBE<\/span><\/button>\n<\/div>\n<div class=\"mkdf-cfbt-inline-shadow\"><\/div>\n<\/div>\n<p style=\"display: none !important;\"><label>&#916;<textarea name=\"_wpcf7_ak_hp_textarea\" cols=\"45\" rows=\"8\" maxlength=\"100\"><\/textarea><\/label><input type=\"hidden\" id=\"ak_js\" name=\"_wpcf7_ak_js\" value=\"85\"\/><script>document.getElementById( \"ak_js\" ).setAttribute( \"value\", ( new Date() ).getTime() );<\/script><\/p><div class=\"wpcf7-response-output\" aria-hidden=\"true\"><\/div><\/form><\/div>\t\t<\/div>\n\t<\/div>\n<\/div><\/div>[vc_empty_space height=&#8221;120&#8243;][\/vc_column][\/vc_row]<\/p>\n","protected":false},"excerpt":{"rendered":"<p>[vc_row dynamic_background_color_value=&#8221;#edf8f9&#8243;][vc_column][rev_slider_vc alias=&#8221;home-en&#8221; enable_paspartu=&#8221;no&#8221;][\/vc_column][\/vc_row][vc_row gap=&#8221;2&#8243; equal_height=&#8221;yes&#8221; content_placement=&#8221;middle&#8221; dynamic_background_color_value=&#8221;#edf8f9&#8243; css=&#8221;.vc_custom_1599808727528{padding-top: 1% !important;padding-right: 10% !important;padding-left: 10% !important;}&#8221;][vc_column width=&#8221;1\/2&#8243;][vc_column_text]We developed a virtual environment and programming language for children and young people. Multiple assets, various difficulty levels, and friendly heroes of the game allow [&hellip;]<\/p>\n","protected":false},"author":1,"featured_media":0,"parent":0,"menu_order":0,"comment_status":"closed","ping_status":"closed","template":"full-width.php","meta":[],"_links":{"self":[{"href":"https:\/\/scottiego.com\/en\/wp-json\/wp\/v2\/pages\/6416"}],"collection":[{"href":"https:\/\/scottiego.com\/en\/wp-json\/wp\/v2\/pages"}],"about":[{"href":"https:\/\/scottiego.com\/en\/wp-json\/wp\/v2\/types\/page"}],"author":[{"embeddable":true,"href":"https:\/\/scottiego.com\/en\/wp-json\/wp\/v2\/users\/1"}],"replies":[{"embeddable":true,"href":"https:\/\/scottiego.com\/en\/wp-json\/wp\/v2\/comments?post=6416"}],"version-history":[{"count":29,"href":"https:\/\/scottiego.com\/en\/wp-json\/wp\/v2\/pages\/6416\/revisions"}],"predecessor-version":[{"id":8610,"href":"https:\/\/scottiego.com\/en\/wp-json\/wp\/v2\/pages\/6416\/revisions\/8610"}],"wp:attachment":[{"href":"https:\/\/scottiego.com\/en\/wp-json\/wp\/v2\/media?parent=6416"}],"curies":[{"name":"wp","href":"https:\/\/api.w.org\/{rel}","templated":true}]}}